{"id":1722,"date":"2024-12-23T08:44:42","date_gmt":"2024-12-23T07:44:42","guid":{"rendered":"https:\/\/new.see-network.com\/?page_id=1722"},"modified":"2025-05-28T12:55:26","modified_gmt":"2025-05-28T10:55:26","slug":"servicios","status":"publish","type":"page","link":"https:\/\/www.see-network.com\/es\/servicios\/","title":{"rendered":"Servicios"},"content":{"rendered":"\t\t<div data-elementor-type=\"wp-page\" data-elementor-id=\"1722\" class=\"elementor elementor-1722 elementor-304\" data-elementor-post-type=\"page\">\n\t\t\t\t<div class=\"elementor-element elementor-element-39f53ee2 e-con-full e-flex e-con e-parent\" data-id=\"39f53ee2\" data-element_type=\"container\" data-e-type=\"container\" data-settings=\"{&quot;background_background&quot;:&quot;classic&quot;}\">\n\t\t\t\t<div class=\"elementor-element elementor-element-4330b034 elementor-widget elementor-widget-heading\" data-id=\"4330b034\" data-element_type=\"widget\" data-e-type=\"widget\" data-widget_type=\"heading.default\">\n\t\t\t\t<div class=\"elementor-widget-container\">\n\t\t\t\t\t<h2 class=\"elementor-heading-title elementor-size-default\">Servicios<\/h2>\t\t\t\t<\/div>\n\t\t\t\t<\/div>\n\t\t\t\t<\/div>\n\t\t<div class=\"elementor-element elementor-element-6547ec1 e-con-full e-flex e-con e-child\" data-id=\"6547ec1\" data-element_type=\"container\" data-e-type=\"container\">\n\t\t<div class=\"elementor-element elementor-element-e3faa34 e-con-full e-flex e-con e-child\" data-id=\"e3faa34\" data-element_type=\"container\" data-e-type=\"container\">\n\t\t\t\t<div class=\"elementor-element elementor-element-aa6ad25 elementor-widget elementor-widget-image\" data-id=\"aa6ad25\" data-element_type=\"widget\" data-e-type=\"widget\" data-widget_type=\"image.default\">\n\t\t\t\t<div class=\"elementor-widget-container\">\n\t\t\t\t\t\t\t\t\t\t\t\t\t\t\t<img fetchpriority=\"high\" decoding=\"async\" width=\"700\" height=\"700\" src=\"https:\/\/www.see-network.com\/wp-content\/uploads\/2025\/05\/meetings.jpg\" class=\"attachment-large size-large wp-image-2202\" alt=\"\" srcset=\"https:\/\/www.see-network.com\/wp-content\/uploads\/2025\/05\/meetings.jpg 700w, https:\/\/www.see-network.com\/wp-content\/uploads\/2025\/05\/meetings-300x300.jpg 300w, https:\/\/www.see-network.com\/wp-content\/uploads\/2025\/05\/meetings-150x150.jpg 150w\" sizes=\"(max-width: 700px) 100vw, 700px\" \/>\t\t\t\t\t\t\t\t\t\t\t\t\t\t\t<\/div>\n\t\t\t\t<\/div>\n\t\t\t\t<div class=\"elementor-element elementor-element-79148c6 elementor-widget elementor-widget-heading\" data-id=\"79148c6\" data-element_type=\"widget\" data-e-type=\"widget\" data-widget_type=\"heading.default\">\n\t\t\t\t<div class=\"elementor-widget-container\">\n\t\t\t\t\t<h2 class=\"elementor-heading-title elementor-size-default\">Reuniones y conferencias<\/h2>\t\t\t\t<\/div>\n\t\t\t\t<\/div>\n\t\t\t\t<\/div>\n\t\t<div class=\"elementor-element elementor-element-1a29079 e-con-full e-flex e-con e-child\" data-id=\"1a29079\" data-element_type=\"container\" data-e-type=\"container\">\n\t\t\t\t<div class=\"elementor-element elementor-element-9f0aa9f elementor-widget elementor-widget-image\" data-id=\"9f0aa9f\" data-element_type=\"widget\" data-e-type=\"widget\" data-widget_type=\"image.default\">\n\t\t\t\t<div class=\"elementor-widget-container\">\n\t\t\t\t\t\t\t\t\t\t\t\t\t\t\t<img decoding=\"async\" width=\"379\" height=\"379\" src=\"https:\/\/www.see-network.com\/wp-content\/uploads\/2025\/05\/Kia-Stinger-Mallorca_12-450x379-1-e1748420352943.webp\" class=\"attachment-large size-large wp-image-2207\" alt=\"\" srcset=\"https:\/\/www.see-network.com\/wp-content\/uploads\/2025\/05\/Kia-Stinger-Mallorca_12-450x379-1-e1748420352943.webp 379w, https:\/\/www.see-network.com\/wp-content\/uploads\/2025\/05\/Kia-Stinger-Mallorca_12-450x379-1-e1748420352943-300x300.webp 300w, https:\/\/www.see-network.com\/wp-content\/uploads\/2025\/05\/Kia-Stinger-Mallorca_12-450x379-1-e1748420352943-150x150.webp 150w\" sizes=\"(max-width: 379px) 100vw, 379px\" \/>\t\t\t\t\t\t\t\t\t\t\t\t\t\t\t<\/div>\n\t\t\t\t<\/div>\n\t\t\t\t<div class=\"elementor-element elementor-element-262b2d4 elementor-widget elementor-widget-heading\" data-id=\"262b2d4\" data-element_type=\"widget\" data-e-type=\"widget\" data-widget_type=\"heading.default\">\n\t\t\t\t<div class=\"elementor-widget-container\">\n\t\t\t\t\t<h2 class=\"elementor-heading-title elementor-size-default\">Lanzamiento de productos<\/h2>\t\t\t\t<\/div>\n\t\t\t\t<\/div>\n\t\t\t\t<\/div>\n\t\t<div class=\"elementor-element elementor-element-995e264 e-con-full e-flex e-con e-child\" data-id=\"995e264\" data-element_type=\"container\" data-e-type=\"container\">\n\t\t\t\t<div class=\"elementor-element elementor-element-2a85c92 elementor-widget elementor-widget-image\" data-id=\"2a85c92\" data-element_type=\"widget\" data-e-type=\"widget\" data-widget_type=\"image.default\">\n\t\t\t\t<div class=\"elementor-widget-container\">\n\t\t\t\t\t\t\t\t\t\t\t\t\t\t\t<img decoding=\"async\" width=\"700\" height=\"700\" src=\"https:\/\/www.see-network.com\/wp-content\/uploads\/2025\/05\/incentives_cat-700x700-1.jpg\" class=\"attachment-large size-large wp-image-2206\" alt=\"\" srcset=\"https:\/\/www.see-network.com\/wp-content\/uploads\/2025\/05\/incentives_cat-700x700-1.jpg 700w, https:\/\/www.see-network.com\/wp-content\/uploads\/2025\/05\/incentives_cat-700x700-1-300x300.jpg 300w, https:\/\/www.see-network.com\/wp-content\/uploads\/2025\/05\/incentives_cat-700x700-1-150x150.jpg 150w\" sizes=\"(max-width: 700px) 100vw, 700px\" \/>\t\t\t\t\t\t\t\t\t\t\t\t\t\t\t<\/div>\n\t\t\t\t<\/div>\n\t\t\t\t<div class=\"elementor-element elementor-element-00c38f6 elementor-widget elementor-widget-heading\" data-id=\"00c38f6\" data-element_type=\"widget\" data-e-type=\"widget\" data-widget_type=\"heading.default\">\n\t\t\t\t<div class=\"elementor-widget-container\">\n\t\t\t\t\t<h2 class=\"elementor-heading-title elementor-size-default\">Incentivos<\/h2>\t\t\t\t<\/div>\n\t\t\t\t<\/div>\n\t\t\t\t<\/div>\n\t\t\t\t<\/div>\n\t\t<div class=\"elementor-element elementor-element-b2376aa e-flex e-con-boxed e-con e-parent\" data-id=\"b2376aa\" data-element_type=\"container\" data-e-type=\"container\">\n\t\t\t\t\t<div class=\"e-con-inner\">\n\t\t\t\t<div class=\"elementor-element elementor-element-25b428d elementor-widget elementor-widget-text-editor\" data-id=\"25b428d\" data-element_type=\"widget\" data-e-type=\"widget\" data-widget_type=\"text-editor.default\">\n\t\t\t\t<div class=\"elementor-widget-container\">\n\t\t\t\t\t\t\t\t\t<p>Como red, ponemos a su disposici\u00f3n toda la experiencia en eventos, el poder adquisitivo y las conexiones locales que pueda necesitar en un solo lugar, como \u00fanica fuente global de apoyo a la planificaci\u00f3n y ejecuci\u00f3n. &lt;b&gt;Proveedor integral mundial de eventos y gesti\u00f3n de destinos.&lt;\/b&gt; La red SEE est\u00e1 dise\u00f1ada espec\u00edficamente para brindar experiencia como una extensi\u00f3n de los equipos de agencias o clientes internos. Hablamos el idioma de su cliente mientras negociamos con proveedores locales para conseguir las mejores ofertas disponibles para reuniones, incentivos y eventos en vivo.&lt;b&gt;<br \/>&lt;\/b&gt;<\/p>\t\t\t\t\t\t\t\t<\/div>\n\t\t\t\t<\/div>\n\t\t\t\t\t<\/div>\n\t\t\t\t<\/div>\n\t\t<div class=\"elementor-element elementor-element-ef563c9 e-flex e-con-boxed e-con e-parent\" data-id=\"ef563c9\" data-element_type=\"container\" data-e-type=\"container\">\n\t\t\t\t\t<div class=\"e-con-inner\">\n\t\t\t\t<div class=\"elementor-element elementor-element-003679f elementor-widget elementor-widget-shortcode\" data-id=\"003679f\" data-element_type=\"widget\" data-e-type=\"widget\" data-widget_type=\"shortcode.default\">\n\t\t\t\t<div class=\"elementor-widget-container\">\n\t\t\t\t\t\t\t<div class=\"elementor-shortcode\">    <div id=\"cases-filter\">\n        <a href=\"\/es\/wp-json\/wp\/v2\/pages\/1722\" class=\"filter-btn active\">Todos<\/a>\n                    <a href=\"\/es\/wp-json\/wp\/v2\/pages\/1722?filter=Meetings\" class=\"filter-btn \">\n                Meetings            <\/a>\n                    <a href=\"\/es\/wp-json\/wp\/v2\/pages\/1722?filter=Incentives\" class=\"filter-btn \">\n                Incentives            <\/a>\n                    <a href=\"\/es\/wp-json\/wp\/v2\/pages\/1722?filter=Conventions\" class=\"filter-btn \">\n                Conventions            <\/a>\n                    <a href=\"\/es\/wp-json\/wp\/v2\/pages\/1722?filter=Exhibitions\" class=\"filter-btn \">\n                Exhibitions            <\/a>\n            <\/div>\n\n    <div id=\"cases-posts\">\n        <div class=\"cases-list\">            <div class=\"case-item\">\n                <div class=\"case-images\">\n                                            <img decoding=\"async\" src=\"https:\/\/www.see-network.com\/wp-content\/uploads\/2025\/06\/Imagen-de-WhatsApp-2023-04-17-a-las-18.44.33-2.jpg\">\n                        <img decoding=\"async\" src=\"https:\/\/www.see-network.com\/wp-content\/uploads\/2025\/06\/avenger-en-Sport-Club-1.jpg\">\n                        <img decoding=\"async\" src=\"https:\/\/www.see-network.com\/wp-content\/uploads\/2025\/05\/image.png\">\n                                    <\/div>\n                <a href=\"https:\/\/www.see-network.com\/es\/case\/international-test-drive-from-the-new-electric-jeep-avenger-and-grand-cherokee-plug-in-press-conference-test-drive-on-and-off-road-hotel-venue-transport-and-logistic-management\/\">Descubrir m\u00e1s<\/a>\n                <div class=\"case-details\">\n                                            <img decoding=\"async\" src=\"https:\/\/www.see-network.com\/wp-content\/uploads\/2025\/05\/image.png\" alt=\"\" class=\"case-logo\">\n                                        <div class=\"datos\">\n                        <p><strong>Cliente:<\/strong> Jeep<\/p>\n                        <p><strong>Ubiaci\u00f3n:<\/strong> Madrid-Espa\u00f1a<\/p>\n                        <p><strong>Evento:<\/strong> International Test Drive from Jeep Avenger and Grand Cherokee Plug-in<\/p>\n                    <\/div>\n                <\/div>\n            <\/div>\n                        <div class=\"case-item\">\n                <div class=\"case-images\">\n                                            <img decoding=\"async\" src=\"https:\/\/www.see-network.com\/wp-content\/uploads\/2025\/03\/1_Trencadis-450x379-1.jpg\">\n                        <img decoding=\"async\" src=\"https:\/\/www.see-network.com\/wp-content\/uploads\/2025\/03\/2_RegataBLUE-450x379-1.jpg\">\n                        <img decoding=\"async\" src=\"https:\/\/www.see-network.com\/wp-content\/uploads\/2025\/03\/3_Regata3-450x379-1.jpg\">\n                                    <\/div>\n                <a href=\"https:\/\/www.see-network.com\/es\/case\/top-10-sales-representatives-of-linde-german\/\">Descubrir m\u00e1s<\/a>\n                <div class=\"case-details\">\n                                            <img decoding=\"async\" src=\"https:\/\/www.see-network.com\/wp-content\/uploads\/2025\/03\/Linde-Logo-1998-small.png\" alt=\"\" class=\"case-logo\">\n                                        <div class=\"datos\">\n                        <p><strong>Cliente:<\/strong> Chemical Multinational Company<\/p>\n                        <p><strong>Ubiaci\u00f3n:<\/strong> Barcelona, Spain<\/p>\n                        <p><strong>Evento:<\/strong> Top 10 sales representatives of Linde Germany were invited with their partners for a program with gastronomic highlights + Football Club Barcelona tour + Sagrada Familia tour + regatta teambuilding<\/p>\n                    <\/div>\n                <\/div>\n            <\/div>\n                        <div class=\"case-item\">\n                <div class=\"case-images\">\n                                            <img decoding=\"async\" src=\"https:\/\/www.see-network.com\/wp-content\/uploads\/2025\/03\/Kia-Stinger-Mallorca_00-450x379-1.jpg\">\n                        <img decoding=\"async\" src=\"https:\/\/www.see-network.com\/wp-content\/uploads\/2025\/03\/Kia-Stinger-Mallorca_01-450x379-1.jpg\">\n                        <img decoding=\"async\" src=\"https:\/\/www.see-network.com\/wp-content\/uploads\/2025\/03\/Kia-Stinger-Mallorca_02-450x379-1.jpg\">\n                                    <\/div>\n                <a href=\"https:\/\/www.see-network.com\/es\/case\/european-media-launch-kia-stinger\/\">Descubrir m\u00e1s<\/a>\n                <div class=\"case-details\">\n                                            <img decoding=\"async\" src=\"https:\/\/www.see-network.com\/wp-content\/uploads\/2024\/12\/kia_logo-241x241-1.webp\" alt=\"\" class=\"case-logo\">\n                                        <div class=\"datos\">\n                        <p><strong>Cliente:<\/strong> KIA Motors Europe (Lead agency JOKE Event AG)<\/p>\n                        <p><strong>Ubiaci\u00f3n:<\/strong> Mallorca, Spain<\/p>\n                        <p><strong>Evento:<\/strong> European media launch KIA Stinger<\/p>\n                    <\/div>\n                <\/div>\n            <\/div>\n                        <div class=\"case-item\">\n                <div class=\"case-images\">\n                                            <img decoding=\"async\" src=\"https:\/\/www.see-network.com\/wp-content\/uploads\/2025\/02\/IMG_1-450x379-1.jpg\">\n                        <img decoding=\"async\" src=\"https:\/\/www.see-network.com\/wp-content\/uploads\/2025\/02\/IMG_2-450x379-1.jpg\">\n                        <img decoding=\"async\" src=\"https:\/\/www.see-network.com\/wp-content\/uploads\/2025\/02\/IMG_3-450x379-1.jpg\">\n                                    <\/div>\n                <a href=\"https:\/\/www.see-network.com\/es\/case\/company-event-with-workshops-activities-party-fb-coordination-on-site\/\">Descubrir m\u00e1s<\/a>\n                <div class=\"case-details\">\n                                            <img decoding=\"async\" src=\"https:\/\/www.see-network.com\/wp-content\/uploads\/2025\/02\/just-spices_logo-241x241-1.png\" alt=\"\" class=\"case-logo\">\n                                        <div class=\"datos\">\n                        <p><strong>Cliente:<\/strong> Just Spices<\/p>\n                        <p><strong>Ubiaci\u00f3n:<\/strong> Tarragona, Spain<\/p>\n                        <p><strong>Evento:<\/strong> Company event with workshops, activities, party, F&amp;B, coordination on-site<\/p>\n                    <\/div>\n                <\/div>\n            <\/div>\n                        <div class=\"case-item\">\n                <div class=\"case-images\">\n                                            <img decoding=\"async\" src=\"https:\/\/www.see-network.com\/wp-content\/uploads\/2024\/12\/Kia-Malaga_13-450x379-1.webp\">\n                        <img decoding=\"async\" src=\"https:\/\/www.see-network.com\/wp-content\/uploads\/2024\/12\/Kia-Malaga_11-450x379-1.webp\">\n                        <img decoding=\"async\" src=\"https:\/\/www.see-network.com\/wp-content\/uploads\/2024\/12\/Kia-Malaga_00-450x379-1.webp\">\n                                    <\/div>\n                <a href=\"https:\/\/www.see-network.com\/es\/case\/european-media-launch-kia-ev6\/\">Descubrir m\u00e1s<\/a>\n                <div class=\"case-details\">\n                                            <img decoding=\"async\" src=\"https:\/\/www.see-network.com\/wp-content\/uploads\/2024\/12\/kia_logo-241x241-1.webp\" alt=\"\" class=\"case-logo\">\n                                        <div class=\"datos\">\n                        <p><strong>Cliente:<\/strong> KIA Motors Europe (Lead agency JOKE Event AG)<\/p>\n                        <p><strong>Ubiaci\u00f3n:<\/strong> M\u00e1laga - Spain<\/p>\n                        <p><strong>Evento:<\/strong> European media launch KIA EV6<\/p>\n                    <\/div>\n                <\/div>\n            <\/div>\n            <\/div>    <\/div>\n    <\/div>\n\t\t\t\t\t\t<\/div>\n\t\t\t\t<\/div>\n\t\t\t\t\t<\/div>\n\t\t\t\t<\/div>\n\t\t\t\t<\/div>\n\t\t","protected":false},"excerpt":{"rendered":"<p>Servicios Reuniones y conferencias Lanzamiento de productos Incentivos Como red, ponemos a su disposici\u00f3n toda la experiencia en eventos, el poder adquisitivo y las conexiones locales que pueda necesitar en un solo lugar, como \u00fanica fuente global de apoyo a la planificaci\u00f3n y ejecuci\u00f3n. &lt;b&gt;Proveedor integral mundial de eventos y gesti\u00f3n de destinos.&lt;\/b&gt; La red [&hellip;]<\/p>\n","protected":false},"author":1,"featured_media":0,"parent":0,"menu_order":0,"comment_status":"closed","ping_status":"closed","template":"elementor_header_footer","meta":{"_acf_changed":false,"footnotes":""},"class_list":["post-1722","page","type-page","status-publish","hentry"],"acf":[],"yoast_head":"<!-- This site is optimized with the Yoast SEO plugin v27.2 - https:\/\/yoast.com\/product\/yoast-seo-wordpress\/ -->\n<title>Servicios - see-network<\/title>\n<meta name=\"robots\" content=\"noindex, follow, max-snippet:-1, max-image-preview:large, max-video-preview:-1\" \/>\n<meta property=\"og:locale\" content=\"es_ES\" \/>\n<meta property=\"og:type\" content=\"article\" \/>\n<meta property=\"og:title\" content=\"Servicios - see-network\" \/>\n<meta property=\"og:description\" content=\"Servicios Reuniones y conferencias Lanzamiento de productos Incentivos Como red, ponemos a su disposici\u00f3n toda la experiencia en eventos, el poder adquisitivo y las conexiones locales que pueda necesitar en un solo lugar, como \u00fanica fuente global de apoyo a la planificaci\u00f3n y ejecuci\u00f3n. &lt;b&gt;Proveedor integral mundial de eventos y gesti\u00f3n de destinos.&lt;\/b&gt; La red [&hellip;]\" \/>\n<meta property=\"og:url\" content=\"https:\/\/www.see-network.com\/es\/servicios\/\" \/>\n<meta property=\"og:site_name\" content=\"see-network\" \/>\n<meta property=\"article:modified_time\" content=\"2025-05-28T10:55:26+00:00\" \/>\n<meta property=\"og:image\" content=\"https:\/\/www.see-network.com\/wp-content\/uploads\/2025\/05\/meetings.jpg\" \/>\n\t<meta property=\"og:image:width\" content=\"700\" \/>\n\t<meta property=\"og:image:height\" content=\"700\" \/>\n\t<meta property=\"og:image:type\" content=\"image\/jpeg\" \/>\n<meta name=\"twitter:card\" content=\"summary_large_image\" \/>\n<meta name=\"twitter:label1\" content=\"Tiempo de lectura\" \/>\n\t<meta name=\"twitter:data1\" content=\"2 minutos\" \/>\n<script type=\"application\/ld+json\" class=\"yoast-schema-graph\">{\"@context\":\"https:\/\/schema.org\",\"@graph\":[{\"@type\":\"WebPage\",\"@id\":\"https:\/\/www.see-network.com\/es\/servicios\/\",\"url\":\"https:\/\/www.see-network.com\/es\/servicios\/\",\"name\":\"Servicios - see-network\",\"isPartOf\":{\"@id\":\"https:\/\/www.see-network.com\/es\/#website\"},\"primaryImageOfPage\":{\"@id\":\"https:\/\/www.see-network.com\/es\/servicios\/#primaryimage\"},\"image\":{\"@id\":\"https:\/\/www.see-network.com\/es\/servicios\/#primaryimage\"},\"thumbnailUrl\":\"https:\/\/www.see-network.com\/wp-content\/uploads\/2025\/05\/meetings.jpg\",\"datePublished\":\"2024-12-23T07:44:42+00:00\",\"dateModified\":\"2025-05-28T10:55:26+00:00\",\"breadcrumb\":{\"@id\":\"https:\/\/www.see-network.com\/es\/servicios\/#breadcrumb\"},\"inLanguage\":\"es\",\"potentialAction\":[{\"@type\":\"ReadAction\",\"target\":[\"https:\/\/www.see-network.com\/es\/servicios\/\"]}]},{\"@type\":\"ImageObject\",\"inLanguage\":\"es\",\"@id\":\"https:\/\/www.see-network.com\/es\/servicios\/#primaryimage\",\"url\":\"https:\/\/www.see-network.com\/wp-content\/uploads\/2025\/05\/meetings.jpg\",\"contentUrl\":\"https:\/\/www.see-network.com\/wp-content\/uploads\/2025\/05\/meetings.jpg\"},{\"@type\":\"BreadcrumbList\",\"@id\":\"https:\/\/www.see-network.com\/es\/servicios\/#breadcrumb\",\"itemListElement\":[{\"@type\":\"ListItem\",\"position\":1,\"name\":\"Portada\",\"item\":\"https:\/\/www.see-network.com\/es\/\"},{\"@type\":\"ListItem\",\"position\":2,\"name\":\"Servicios\"}]},{\"@type\":\"WebSite\",\"@id\":\"https:\/\/www.see-network.com\/es\/#website\",\"url\":\"https:\/\/www.see-network.com\/es\/\",\"name\":\"see-network\",\"description\":\"\",\"publisher\":{\"@id\":\"https:\/\/www.see-network.com\/es\/#organization\"},\"potentialAction\":[{\"@type\":\"SearchAction\",\"target\":{\"@type\":\"EntryPoint\",\"urlTemplate\":\"https:\/\/www.see-network.com\/es\/?s={search_term_string}\"},\"query-input\":{\"@type\":\"PropertyValueSpecification\",\"valueRequired\":true,\"valueName\":\"search_term_string\"}}],\"inLanguage\":\"es\"},{\"@type\":\"Organization\",\"@id\":\"https:\/\/www.see-network.com\/es\/#organization\",\"name\":\"see-network\",\"url\":\"https:\/\/www.see-network.com\/es\/\",\"logo\":{\"@type\":\"ImageObject\",\"inLanguage\":\"es\",\"@id\":\"https:\/\/www.see-network.com\/es\/#\/schema\/logo\/image\/\",\"url\":\"https:\/\/www.see-network.com\/wp-content\/uploads\/2024\/10\/logo.svg\",\"contentUrl\":\"https:\/\/www.see-network.com\/wp-content\/uploads\/2024\/10\/logo.svg\",\"caption\":\"see-network\"},\"image\":{\"@id\":\"https:\/\/www.see-network.com\/es\/#\/schema\/logo\/image\/\"}}]}<\/script>\n<!-- \/ Yoast SEO plugin. -->","yoast_head_json":{"title":"Servicios - see-network","robots":{"index":"noindex","follow":"follow","max-snippet":"max-snippet:-1","max-image-preview":"max-image-preview:large","max-video-preview":"max-video-preview:-1"},"og_locale":"es_ES","og_type":"article","og_title":"Servicios - see-network","og_description":"Servicios Reuniones y conferencias Lanzamiento de productos Incentivos Como red, ponemos a su disposici\u00f3n toda la experiencia en eventos, el poder adquisitivo y las conexiones locales que pueda necesitar en un solo lugar, como \u00fanica fuente global de apoyo a la planificaci\u00f3n y ejecuci\u00f3n. &lt;b&gt;Proveedor integral mundial de eventos y gesti\u00f3n de destinos.&lt;\/b&gt; La red [&hellip;]","og_url":"https:\/\/www.see-network.com\/es\/servicios\/","og_site_name":"see-network","article_modified_time":"2025-05-28T10:55:26+00:00","og_image":[{"width":700,"height":700,"url":"https:\/\/www.see-network.com\/wp-content\/uploads\/2025\/05\/meetings.jpg","type":"image\/jpeg"}],"twitter_card":"summary_large_image","twitter_misc":{"Tiempo de lectura":"2 minutos"},"schema":{"@context":"https:\/\/schema.org","@graph":[{"@type":"WebPage","@id":"https:\/\/www.see-network.com\/es\/servicios\/","url":"https:\/\/www.see-network.com\/es\/servicios\/","name":"Servicios - see-network","isPartOf":{"@id":"https:\/\/www.see-network.com\/es\/#website"},"primaryImageOfPage":{"@id":"https:\/\/www.see-network.com\/es\/servicios\/#primaryimage"},"image":{"@id":"https:\/\/www.see-network.com\/es\/servicios\/#primaryimage"},"thumbnailUrl":"https:\/\/www.see-network.com\/wp-content\/uploads\/2025\/05\/meetings.jpg","datePublished":"2024-12-23T07:44:42+00:00","dateModified":"2025-05-28T10:55:26+00:00","breadcrumb":{"@id":"https:\/\/www.see-network.com\/es\/servicios\/#breadcrumb"},"inLanguage":"es","potentialAction":[{"@type":"ReadAction","target":["https:\/\/www.see-network.com\/es\/servicios\/"]}]},{"@type":"ImageObject","inLanguage":"es","@id":"https:\/\/www.see-network.com\/es\/servicios\/#primaryimage","url":"https:\/\/www.see-network.com\/wp-content\/uploads\/2025\/05\/meetings.jpg","contentUrl":"https:\/\/www.see-network.com\/wp-content\/uploads\/2025\/05\/meetings.jpg"},{"@type":"BreadcrumbList","@id":"https:\/\/www.see-network.com\/es\/servicios\/#breadcrumb","itemListElement":[{"@type":"ListItem","position":1,"name":"Portada","item":"https:\/\/www.see-network.com\/es\/"},{"@type":"ListItem","position":2,"name":"Servicios"}]},{"@type":"WebSite","@id":"https:\/\/www.see-network.com\/es\/#website","url":"https:\/\/www.see-network.com\/es\/","name":"see-network","description":"","publisher":{"@id":"https:\/\/www.see-network.com\/es\/#organization"},"potentialAction":[{"@type":"SearchAction","target":{"@type":"EntryPoint","urlTemplate":"https:\/\/www.see-network.com\/es\/?s={search_term_string}"},"query-input":{"@type":"PropertyValueSpecification","valueRequired":true,"valueName":"search_term_string"}}],"inLanguage":"es"},{"@type":"Organization","@id":"https:\/\/www.see-network.com\/es\/#organization","name":"see-network","url":"https:\/\/www.see-network.com\/es\/","logo":{"@type":"ImageObject","inLanguage":"es","@id":"https:\/\/www.see-network.com\/es\/#\/schema\/logo\/image\/","url":"https:\/\/www.see-network.com\/wp-content\/uploads\/2024\/10\/logo.svg","contentUrl":"https:\/\/www.see-network.com\/wp-content\/uploads\/2024\/10\/logo.svg","caption":"see-network"},"image":{"@id":"https:\/\/www.see-network.com\/es\/#\/schema\/logo\/image\/"}}]}},"_links":{"self":[{"href":"https:\/\/www.see-network.com\/es\/wp-json\/wp\/v2\/pages\/1722","targetHints":{"allow":["GET"]}}],"collection":[{"href":"https:\/\/www.see-network.com\/es\/wp-json\/wp\/v2\/pages"}],"about":[{"href":"https:\/\/www.see-network.com\/es\/wp-json\/wp\/v2\/types\/page"}],"author":[{"embeddable":true,"href":"https:\/\/www.see-network.com\/es\/wp-json\/wp\/v2\/users\/1"}],"replies":[{"embeddable":true,"href":"https:\/\/www.see-network.com\/es\/wp-json\/wp\/v2\/comments?post=1722"}],"version-history":[{"count":16,"href":"https:\/\/www.see-network.com\/es\/wp-json\/wp\/v2\/pages\/1722\/revisions"}],"predecessor-version":[{"id":2221,"href":"https:\/\/www.see-network.com\/es\/wp-json\/wp\/v2\/pages\/1722\/revisions\/2221"}],"wp:attachment":[{"href":"https:\/\/www.see-network.com\/es\/wp-json\/wp\/v2\/media?parent=1722"}],"curies":[{"name":"wp","href":"https:\/\/api.w.org\/{rel}","templated":true}]}}