{"id":2528,"date":"2026-03-17T13:52:38","date_gmt":"2026-03-17T12:52:38","guid":{"rendered":"https:\/\/www.see-network.com\/imprint\/"},"modified":"2026-03-17T15:01:46","modified_gmt":"2026-03-17T14:01:46","slug":"imprint","status":"publish","type":"page","link":"https:\/\/www.see-network.com\/es\/imprint\/","title":{"rendered":"Imprint"},"content":{"rendered":"\t\t<div data-elementor-type=\"wp-page\" data-elementor-id=\"2528\" class=\"elementor elementor-2528 elementor-2514\" data-elementor-post-type=\"page\">\n\t\t\t\t<div class=\"elementor-element elementor-element-8901dfa e-flex e-con-boxed e-con e-parent\" data-id=\"8901dfa\" data-element_type=\"container\" data-e-type=\"container\">\n\t\t\t\t\t<div class=\"e-con-inner\">\n\t\t\t\t<div class=\"elementor-element elementor-element-9eed143 elementor-widget elementor-widget-text-editor\" data-id=\"9eed143\" data-element_type=\"widget\" data-e-type=\"widget\" data-widget_type=\"text-editor.default\">\n\t\t\t\t<div class=\"elementor-widget-container\">\n\t\t\t\t\t\t\t\t\t<p>\u201cProtecci\u00f3n de Datos: Le informamos que sus datos est\u00e1n siendo tratados de acuerdo con la Ley Org\u00e1nica de Protecci\u00f3n de Datos y al RGPD 2016\/679. Igualmente le informamos que podr\u00e1 ejercer sus derechos seg\u00fan indica la normativa a trav\u00e9s de una comunicaci\u00f3n a See Network S.L. a la siguiente direcci\u00f3n de correo electr\u00f3nico: <a href=\"mailto:hola@see-network.es\">hola@see-network.es<\/a>. <u>M\u00e1s informaci\u00f3n<\/u>\u201d<\/p>\t\t\t\t\t\t\t\t<\/div>\n\t\t\t\t<\/div>\n\t\t\t\t\t<\/div>\n\t\t\t\t<\/div>\n\t\t\t\t<\/div>\n\t\t","protected":false},"excerpt":{"rendered":"<p>\u201cProtecci\u00f3n de Datos: Le informamos que sus datos est\u00e1n siendo tratados de acuerdo con la Ley Org\u00e1nica de Protecci\u00f3n de Datos y al RGPD 2016\/679. Igualmente le informamos que podr\u00e1 ejercer sus derechos seg\u00fan indica la normativa a trav\u00e9s de una comunicaci\u00f3n a See Network S.L. a la siguiente direcci\u00f3n de correo electr\u00f3nico: hola@see-network.es. M\u00e1s [&hellip;]<\/p>\n","protected":false},"author":1,"featured_media":0,"parent":0,"menu_order":0,"comment_status":"closed","ping_status":"closed","template":"","meta":{"_acf_changed":false,"footnotes":""},"class_list":["post-2528","page","type-page","status-publish","hentry"],"acf":[],"yoast_head":"<!-- This site is optimized with the Yoast SEO plugin v27.2 - https:\/\/yoast.com\/product\/yoast-seo-wordpress\/ -->\n<title>Imprint - see-network<\/title>\n<meta name=\"robots\" content=\"noindex, follow, max-snippet:-1, max-image-preview:large, max-video-preview:-1\" \/>\n<meta property=\"og:locale\" content=\"es_ES\" \/>\n<meta property=\"og:type\" content=\"article\" \/>\n<meta property=\"og:title\" content=\"Imprint - see-network\" \/>\n<meta property=\"og:description\" content=\"\u201cProtecci\u00f3n de Datos: Le informamos que sus datos est\u00e1n siendo tratados de acuerdo con la Ley Org\u00e1nica de Protecci\u00f3n de Datos y al RGPD 2016\/679. Igualmente le informamos que podr\u00e1 ejercer sus derechos seg\u00fan indica la normativa a trav\u00e9s de una comunicaci\u00f3n a See Network S.L. a la siguiente direcci\u00f3n de correo electr\u00f3nico: hola@see-network.es. M\u00e1s [&hellip;]\" \/>\n<meta property=\"og:url\" content=\"https:\/\/www.see-network.com\/es\/imprint\/\" \/>\n<meta property=\"og:site_name\" content=\"see-network\" \/>\n<meta property=\"article:modified_time\" content=\"2026-03-17T14:01:46+00:00\" \/>\n<meta property=\"og:image\" content=\"https:\/\/www.see-network.com\/wp-content\/uploads\/2025\/03\/logo-seenetwork-241-x-241-px.png\" \/>\n\t<meta property=\"og:image:width\" content=\"241\" \/>\n\t<meta property=\"og:image:height\" content=\"241\" \/>\n\t<meta property=\"og:image:type\" content=\"image\/png\" \/>\n<meta name=\"twitter:card\" content=\"summary_large_image\" \/>\n<meta name=\"twitter:label1\" content=\"Tiempo de lectura\" \/>\n\t<meta name=\"twitter:data1\" content=\"1 minuto\" \/>\n<script type=\"application\/ld+json\" class=\"yoast-schema-graph\">{\"@context\":\"https:\/\/schema.org\",\"@graph\":[{\"@type\":\"WebPage\",\"@id\":\"https:\/\/www.see-network.com\/es\/imprint\/\",\"url\":\"https:\/\/www.see-network.com\/es\/imprint\/\",\"name\":\"Imprint - see-network\",\"isPartOf\":{\"@id\":\"https:\/\/www.see-network.com\/es\/#website\"},\"datePublished\":\"2026-03-17T12:52:38+00:00\",\"dateModified\":\"2026-03-17T14:01:46+00:00\",\"breadcrumb\":{\"@id\":\"https:\/\/www.see-network.com\/es\/imprint\/#breadcrumb\"},\"inLanguage\":\"es\",\"potentialAction\":[{\"@type\":\"ReadAction\",\"target\":[\"https:\/\/www.see-network.com\/es\/imprint\/\"]}]},{\"@type\":\"BreadcrumbList\",\"@id\":\"https:\/\/www.see-network.com\/es\/imprint\/#breadcrumb\",\"itemListElement\":[{\"@type\":\"ListItem\",\"position\":1,\"name\":\"Portada\",\"item\":\"https:\/\/www.see-network.com\/es\/\"},{\"@type\":\"ListItem\",\"position\":2,\"name\":\"Imprint\"}]},{\"@type\":\"WebSite\",\"@id\":\"https:\/\/www.see-network.com\/es\/#website\",\"url\":\"https:\/\/www.see-network.com\/es\/\",\"name\":\"see-network\",\"description\":\"\",\"publisher\":{\"@id\":\"https:\/\/www.see-network.com\/es\/#organization\"},\"potentialAction\":[{\"@type\":\"SearchAction\",\"target\":{\"@type\":\"EntryPoint\",\"urlTemplate\":\"https:\/\/www.see-network.com\/es\/?s={search_term_string}\"},\"query-input\":{\"@type\":\"PropertyValueSpecification\",\"valueRequired\":true,\"valueName\":\"search_term_string\"}}],\"inLanguage\":\"es\"},{\"@type\":\"Organization\",\"@id\":\"https:\/\/www.see-network.com\/es\/#organization\",\"name\":\"see-network\",\"url\":\"https:\/\/www.see-network.com\/es\/\",\"logo\":{\"@type\":\"ImageObject\",\"inLanguage\":\"es\",\"@id\":\"https:\/\/www.see-network.com\/es\/#\/schema\/logo\/image\/\",\"url\":\"https:\/\/www.see-network.com\/wp-content\/uploads\/2024\/10\/logo.svg\",\"contentUrl\":\"https:\/\/www.see-network.com\/wp-content\/uploads\/2024\/10\/logo.svg\",\"caption\":\"see-network\"},\"image\":{\"@id\":\"https:\/\/www.see-network.com\/es\/#\/schema\/logo\/image\/\"}}]}<\/script>\n<!-- \/ Yoast SEO plugin. -->","yoast_head_json":{"title":"Imprint - see-network","robots":{"index":"noindex","follow":"follow","max-snippet":"max-snippet:-1","max-image-preview":"max-image-preview:large","max-video-preview":"max-video-preview:-1"},"og_locale":"es_ES","og_type":"article","og_title":"Imprint - see-network","og_description":"\u201cProtecci\u00f3n de Datos: Le informamos que sus datos est\u00e1n siendo tratados de acuerdo con la Ley Org\u00e1nica de Protecci\u00f3n de Datos y al RGPD 2016\/679. Igualmente le informamos que podr\u00e1 ejercer sus derechos seg\u00fan indica la normativa a trav\u00e9s de una comunicaci\u00f3n a See Network S.L. a la siguiente direcci\u00f3n de correo electr\u00f3nico: hola@see-network.es. M\u00e1s [&hellip;]","og_url":"https:\/\/www.see-network.com\/es\/imprint\/","og_site_name":"see-network","article_modified_time":"2026-03-17T14:01:46+00:00","og_image":[{"width":241,"height":241,"url":"https:\/\/www.see-network.com\/wp-content\/uploads\/2025\/03\/logo-seenetwork-241-x-241-px.png","type":"image\/png"}],"twitter_card":"summary_large_image","twitter_misc":{"Tiempo de lectura":"1 minuto"},"schema":{"@context":"https:\/\/schema.org","@graph":[{"@type":"WebPage","@id":"https:\/\/www.see-network.com\/es\/imprint\/","url":"https:\/\/www.see-network.com\/es\/imprint\/","name":"Imprint - see-network","isPartOf":{"@id":"https:\/\/www.see-network.com\/es\/#website"},"datePublished":"2026-03-17T12:52:38+00:00","dateModified":"2026-03-17T14:01:46+00:00","breadcrumb":{"@id":"https:\/\/www.see-network.com\/es\/imprint\/#breadcrumb"},"inLanguage":"es","potentialAction":[{"@type":"ReadAction","target":["https:\/\/www.see-network.com\/es\/imprint\/"]}]},{"@type":"BreadcrumbList","@id":"https:\/\/www.see-network.com\/es\/imprint\/#breadcrumb","itemListElement":[{"@type":"ListItem","position":1,"name":"Portada","item":"https:\/\/www.see-network.com\/es\/"},{"@type":"ListItem","position":2,"name":"Imprint"}]},{"@type":"WebSite","@id":"https:\/\/www.see-network.com\/es\/#website","url":"https:\/\/www.see-network.com\/es\/","name":"see-network","description":"","publisher":{"@id":"https:\/\/www.see-network.com\/es\/#organization"},"potentialAction":[{"@type":"SearchAction","target":{"@type":"EntryPoint","urlTemplate":"https:\/\/www.see-network.com\/es\/?s={search_term_string}"},"query-input":{"@type":"PropertyValueSpecification","valueRequired":true,"valueName":"search_term_string"}}],"inLanguage":"es"},{"@type":"Organization","@id":"https:\/\/www.see-network.com\/es\/#organization","name":"see-network","url":"https:\/\/www.see-network.com\/es\/","logo":{"@type":"ImageObject","inLanguage":"es","@id":"https:\/\/www.see-network.com\/es\/#\/schema\/logo\/image\/","url":"https:\/\/www.see-network.com\/wp-content\/uploads\/2024\/10\/logo.svg","contentUrl":"https:\/\/www.see-network.com\/wp-content\/uploads\/2024\/10\/logo.svg","caption":"see-network"},"image":{"@id":"https:\/\/www.see-network.com\/es\/#\/schema\/logo\/image\/"}}]}},"_links":{"self":[{"href":"https:\/\/www.see-network.com\/es\/wp-json\/wp\/v2\/pages\/2528","targetHints":{"allow":["GET"]}}],"collection":[{"href":"https:\/\/www.see-network.com\/es\/wp-json\/wp\/v2\/pages"}],"about":[{"href":"https:\/\/www.see-network.com\/es\/wp-json\/wp\/v2\/types\/page"}],"author":[{"embeddable":true,"href":"https:\/\/www.see-network.com\/es\/wp-json\/wp\/v2\/users\/1"}],"replies":[{"embeddable":true,"href":"https:\/\/www.see-network.com\/es\/wp-json\/wp\/v2\/comments?post=2528"}],"version-history":[{"count":3,"href":"https:\/\/www.see-network.com\/es\/wp-json\/wp\/v2\/pages\/2528\/revisions"}],"predecessor-version":[{"id":2531,"href":"https:\/\/www.see-network.com\/es\/wp-json\/wp\/v2\/pages\/2528\/revisions\/2531"}],"wp:attachment":[{"href":"https:\/\/www.see-network.com\/es\/wp-json\/wp\/v2\/media?parent=2528"}],"curies":[{"name":"wp","href":"https:\/\/api.w.org\/{rel}","templated":true}]}}