{"id":2534,"date":"2026-03-17T13:56:09","date_gmt":"2026-03-17T12:56:09","guid":{"rendered":"https:\/\/www.see-network.com\/privacy-policy\/"},"modified":"2026-03-17T15:51:50","modified_gmt":"2026-03-17T14:51:50","slug":"privacy-policy","status":"publish","type":"page","link":"https:\/\/www.see-network.com\/es\/privacy-policy\/","title":{"rendered":"Pol\u00edtica de privacidad"},"content":{"rendered":"\t\t<div data-elementor-type=\"wp-page\" data-elementor-id=\"2534\" class=\"elementor elementor-2534 elementor-2519\" data-elementor-post-type=\"page\">\n\t\t\t\t<div class=\"elementor-element elementor-element-3cac6a8 e-con-full e-flex e-con e-parent\" data-id=\"3cac6a8\" data-element_type=\"container\" data-e-type=\"container\">\n\t\t\t\t<div class=\"elementor-element elementor-element-19f3644 elementor-widget elementor-widget-heading\" data-id=\"19f3644\" data-element_type=\"widget\" data-e-type=\"widget\" data-widget_type=\"heading.default\">\n\t\t\t\t<div class=\"elementor-widget-container\">\n\t\t\t\t\t<h2 class=\"elementor-heading-title elementor-size-default\">Pol\u00edtica de privacidad<\/h2>\t\t\t\t<\/div>\n\t\t\t\t<\/div>\n\t\t\t\t<div class=\"elementor-element elementor-element-abf1935 elementor-widget elementor-widget-text-editor\" data-id=\"abf1935\" data-element_type=\"widget\" data-e-type=\"widget\" data-widget_type=\"text-editor.default\">\n\t\t\t\t<div class=\"elementor-widget-container\">\n\t\t\t\t\t\t\t\t\t<p><strong><u>Informaci\u00f3n adicional en materia de protecci\u00f3n de datos:<\/u><\/strong><\/p><p><strong>Responsable del tratamiento<\/strong><\/p><p>El responsable del tratamiento de sus datos es la mercantil See-Network, S.L, provista de CIF n\u00famero B-67336792 y domicilio en Gran Via de les Corts Catalanes, 630, 08016 Barcelon.<\/p><p>Tel\u00e9fono: 934458318<\/p><p>Contacto : <a href=\"mailto:hola@see-network.es\">hola@see-network.es<\/a><\/p><p>\u00a0<\/p><p><strong>Finalidad<\/strong><\/p><p>See Network trata la informaci\u00f3n personal facilitada por las personas interesadas \u00fanica y exclusivamente para la ejecuci\u00f3n de los servicios que le son contratados y, en su caso, para mantenerle informado de los eventos, novedades, noticias y actividades relacionadas con la actividad desarrollada por See Network y\/o su sector.<\/p><p>\u00a0<\/p><p>En caso de que nos remita su CV, el mismo ser\u00e1 almacenado para incluirlo en los procesos de selecci\u00f3n iniciados por See Network, S.L..<\/p><p>\u00a0<\/p><p><strong>Legitimaci\u00f3n para el tratamiento de sus datos personales.<\/strong><\/p><p>El tratamiento de sus datos personales tiene su base legal en la ejecuci\u00f3n de los contratos de servicios\u00a0 celebrados con See-Network. Los datos personales que nos proporcione con esta finalidad se conservar\u00e1n mientras se mantenga la relaci\u00f3n de prestaci\u00f3n de servicios.<\/p><p>\u00a0<\/p><p>El env\u00edo de informaci\u00f3n sobre los eventos, novedades, noticias o actividades relacionadas con la actividad desarrollada por See Network est\u00e1 basada en el consentimiento que se le ha solicitado. Asimismo, si ha contratado previamente alg\u00fan servicio de See Network, el env\u00edo de informaci\u00f3n sobre servicios similares de SEE-NEtwork se basar\u00e1 en el art. 21.2 de la Ley sobre los servicios de la sociedad de la informaci\u00f3n y el comercio electr\u00f3nico. Dicho consentimiento podr\u00e1 ser revocado en cualquier momento, sin que tal revocaci\u00f3n condicione la ejecuci\u00f3n de los contratos de servicios celebrados con See Network.<\/p><p>\u00a0<\/p><p>El almacenamiento de los datos personales contenidos en <em>Curr\u00edcula Vitae<\/em> est\u00e1 basado en el consentimiento del interesado. Dichos datos ser\u00e1n almacenados durante el plazo de un a\u00f1o a partir de la \u00faltima confirmaci\u00f3n de inter\u00e9s, sin perjuicio de que su titular pueda revocar el consentimiento otorgado en cualquier momento. La retirada del consentimiento para el almacenamiento de sus datos conllevar\u00e1 que su candidatura no pueda ser tenida en cuenta en los procesos de selecci\u00f3n llevados a cabo por See Network.<\/p><p><strong>\u00a0<\/strong><\/p><p><strong>Destinatarios de los datos personales facilitados.<\/strong><\/p><p>Los datos personales que nos sean facilitados por su titular en ning\u00fan caso ser\u00e1n cedidos a terceros, ni transferidos a otros Estados sin mediar un consentimiento previo y expreso de su titular.<\/p><p>\u00a0<\/p><p>Sin perjuicio de lo anterior, le informamos que determinados datos que nos facilite podr\u00e1n ser comunicados, siempre en el marco de la normativa legal vigente o de la relaci\u00f3n contractual habida con See Network, a los siguientes destinatarios:<\/p><p>\u00a0<\/p><ul><li>Administraciones p\u00fablicas y\/o Fuerzas y Cuerpos de Seguridad del Estado, cuando See Network sea legalmente requerido para ello.<\/li><\/ul><p>\u00a0<\/p><ul><li>Otros profesionales del sector, cuando ello sea necesario para la ejecuci\u00f3n de los servicios contratados.<\/li><\/ul><p><strong>\u00a0<\/strong><\/p><p><strong>Derechos del titular de los datos personales.<\/strong><\/p><p>Usted puede solicitar el <strong>acceso<\/strong> a sus datos personales, la <strong>rectificaci\u00f3n<\/strong> de los datos inexactos o, en su caso, solicitar la <strong>supresi\u00f3n<\/strong> de sus datos personales en cualquier momento.<\/p><p>\u00a0<\/p><p>Asimismo, y en determinadas circunstancias, Usted podr\u00e1 solicitar la <strong>limitaci\u00f3n<\/strong> del tratamiento de sus datos, en cuyo caso \u00fanicamente ser\u00e1n tratados por See Network\u00a0 para el ejercicio o la defensa de reclamaciones. Tambi\u00e9n en determinadas circunstancias, Usted podr\u00e1 <strong>oponerse<\/strong> al tratamiento de sus datos personales.<\/p><p>\u00a0<\/p><p>En cualquiera de estos supuestos, See Network dejar\u00e1 de tratar sus datos personales, a excepci\u00f3n de aquellos casos en que el tratamiento sea necesario por motivos leg\u00edtimos imperiosos o para la defensa de posibles reclamaciones. En cualquiera de estos casos, See Network le informar\u00e1 debidamente del tratamiento que sea necesario y los motivos que lo justifican.<\/p><p>La retirada de su consentimiento para el tratamiento de sus datos personales no afectar\u00e1 a la licitud del tratamiento basado en su consentimiento previo a dicha retirada.<\/p><p>Usted podr\u00e1 ejercitar los antemencionados derechos: i) en nuestra sede principal mediante escrito dirigido a See Network (Gran Via de les Corts Catalanes, 630, 08016 Barcelona ), adjuntando al mismo fotocopia del D.N.I. o cualquier otro documento acreditativo; o ii) por correo electr\u00f3nico dirigido a la siguiente direcci\u00f3n: hola@see-network.es<\/p><p>\u00a0<\/p><p>Asimismo, le informamos del derecho a presentar una reclamaci\u00f3n ante la Agencia Espa\u00f1ola de Protecci\u00f3n de Datos, en especial si considera que no ha obtenido satisfacci\u00f3n en el ejercicio de sus derechos:<\/p><p>\u00a0<\/p><p>Agencia Espa\u00f1ola de Protecci\u00f3n de Datos<\/p><p>C\/ Jorge Juan, 6. 28001 &#8211; Madrid<\/p><p>Tel. 901 100 099 &#8211; 912 663 517<\/p><p><a href=\"https:\/\/sedeagpd.gob.es\/sede-electronica-web\/vistas\/formReclamacionDerechos\/reclamacionDerechos.jsf\">https:\/\/sedeagpd.gob.es\/sede-electronica-web\/vistas\/formReclamacionDerechos\/reclamacionDerechos.jsf<\/a><\/p>\t\t\t\t\t\t\t\t<\/div>\n\t\t\t\t<\/div>\n\t\t\t\t<\/div>\n\t\t\t\t<\/div>\n\t\t","protected":false},"excerpt":{"rendered":"<p>Informaci\u00f3n adicional en materia de protecci\u00f3n de datos: Responsable del tratamiento El responsable del tratamiento de sus datos es la mercantil See-Network, S.L, provista de CIF n\u00famero B-67336792 y domicilio en Gran Via de les Corts Catalanes, 630, 08016 Barcelon. Tel\u00e9fono: 934458318 Contacto : hola@see-network.es \u00a0 Finalidad See Network trata la informaci\u00f3n personal facilitada por [&hellip;]<\/p>\n","protected":false},"author":1,"featured_media":0,"parent":0,"menu_order":0,"comment_status":"closed","ping_status":"closed","template":"","meta":{"_acf_changed":false,"footnotes":""},"class_list":["post-2534","page","type-page","status-publish","hentry"],"acf":[],"yoast_head":"<!-- This site is optimized with the Yoast SEO plugin v27.2 - https:\/\/yoast.com\/product\/yoast-seo-wordpress\/ -->\n<title>Pol\u00edtica de privacidad - see-network<\/title>\n<meta name=\"robots\" content=\"noindex, follow, max-snippet:-1, max-image-preview:large, max-video-preview:-1\" \/>\n<meta property=\"og:locale\" content=\"es_ES\" \/>\n<meta property=\"og:type\" content=\"article\" \/>\n<meta property=\"og:title\" content=\"Pol\u00edtica de privacidad - see-network\" \/>\n<meta property=\"og:description\" content=\"Informaci\u00f3n adicional en materia de protecci\u00f3n de datos: Responsable del tratamiento El responsable del tratamiento de sus datos es la mercantil See-Network, S.L, provista de CIF n\u00famero B-67336792 y domicilio en Gran Via de les Corts Catalanes, 630, 08016 Barcelon. Tel\u00e9fono: 934458318 Contacto : hola@see-network.es \u00a0 Finalidad See Network trata la informaci\u00f3n personal facilitada por [&hellip;]\" \/>\n<meta property=\"og:url\" content=\"https:\/\/www.see-network.com\/es\/privacy-policy\/\" \/>\n<meta property=\"og:site_name\" content=\"see-network\" \/>\n<meta property=\"article:modified_time\" content=\"2026-03-17T14:51:50+00:00\" \/>\n<meta property=\"og:image\" content=\"https:\/\/www.see-network.com\/wp-content\/uploads\/2025\/03\/logo-seenetwork-241-x-241-px.png\" \/>\n\t<meta property=\"og:image:width\" content=\"241\" \/>\n\t<meta property=\"og:image:height\" content=\"241\" \/>\n\t<meta property=\"og:image:type\" content=\"image\/png\" \/>\n<meta name=\"twitter:card\" content=\"summary_large_image\" \/>\n<meta name=\"twitter:label1\" content=\"Tiempo de lectura\" \/>\n\t<meta name=\"twitter:data1\" content=\"4 minutos\" \/>\n<script type=\"application\/ld+json\" class=\"yoast-schema-graph\">{\"@context\":\"https:\/\/schema.org\",\"@graph\":[{\"@type\":\"WebPage\",\"@id\":\"https:\/\/www.see-network.com\/es\/privacy-policy\/\",\"url\":\"https:\/\/www.see-network.com\/es\/privacy-policy\/\",\"name\":\"Pol\u00edtica de privacidad - see-network\",\"isPartOf\":{\"@id\":\"https:\/\/www.see-network.com\/es\/#website\"},\"datePublished\":\"2026-03-17T12:56:09+00:00\",\"dateModified\":\"2026-03-17T14:51:50+00:00\",\"breadcrumb\":{\"@id\":\"https:\/\/www.see-network.com\/es\/privacy-policy\/#breadcrumb\"},\"inLanguage\":\"es\",\"potentialAction\":[{\"@type\":\"ReadAction\",\"target\":[\"https:\/\/www.see-network.com\/es\/privacy-policy\/\"]}]},{\"@type\":\"BreadcrumbList\",\"@id\":\"https:\/\/www.see-network.com\/es\/privacy-policy\/#breadcrumb\",\"itemListElement\":[{\"@type\":\"ListItem\",\"position\":1,\"name\":\"Portada\",\"item\":\"https:\/\/www.see-network.com\/es\/\"},{\"@type\":\"ListItem\",\"position\":2,\"name\":\"Pol\u00edtica de privacidad\"}]},{\"@type\":\"WebSite\",\"@id\":\"https:\/\/www.see-network.com\/es\/#website\",\"url\":\"https:\/\/www.see-network.com\/es\/\",\"name\":\"see-network\",\"description\":\"\",\"publisher\":{\"@id\":\"https:\/\/www.see-network.com\/es\/#organization\"},\"potentialAction\":[{\"@type\":\"SearchAction\",\"target\":{\"@type\":\"EntryPoint\",\"urlTemplate\":\"https:\/\/www.see-network.com\/es\/?s={search_term_string}\"},\"query-input\":{\"@type\":\"PropertyValueSpecification\",\"valueRequired\":true,\"valueName\":\"search_term_string\"}}],\"inLanguage\":\"es\"},{\"@type\":\"Organization\",\"@id\":\"https:\/\/www.see-network.com\/es\/#organization\",\"name\":\"see-network\",\"url\":\"https:\/\/www.see-network.com\/es\/\",\"logo\":{\"@type\":\"ImageObject\",\"inLanguage\":\"es\",\"@id\":\"https:\/\/www.see-network.com\/es\/#\/schema\/logo\/image\/\",\"url\":\"https:\/\/www.see-network.com\/wp-content\/uploads\/2024\/10\/logo.svg\",\"contentUrl\":\"https:\/\/www.see-network.com\/wp-content\/uploads\/2024\/10\/logo.svg\",\"caption\":\"see-network\"},\"image\":{\"@id\":\"https:\/\/www.see-network.com\/es\/#\/schema\/logo\/image\/\"}}]}<\/script>\n<!-- \/ Yoast SEO plugin. -->","yoast_head_json":{"title":"Pol\u00edtica de privacidad - see-network","robots":{"index":"noindex","follow":"follow","max-snippet":"max-snippet:-1","max-image-preview":"max-image-preview:large","max-video-preview":"max-video-preview:-1"},"og_locale":"es_ES","og_type":"article","og_title":"Pol\u00edtica de privacidad - see-network","og_description":"Informaci\u00f3n adicional en materia de protecci\u00f3n de datos: Responsable del tratamiento El responsable del tratamiento de sus datos es la mercantil See-Network, S.L, provista de CIF n\u00famero B-67336792 y domicilio en Gran Via de les Corts Catalanes, 630, 08016 Barcelon. Tel\u00e9fono: 934458318 Contacto : hola@see-network.es \u00a0 Finalidad See Network trata la informaci\u00f3n personal facilitada por [&hellip;]","og_url":"https:\/\/www.see-network.com\/es\/privacy-policy\/","og_site_name":"see-network","article_modified_time":"2026-03-17T14:51:50+00:00","og_image":[{"width":241,"height":241,"url":"https:\/\/www.see-network.com\/wp-content\/uploads\/2025\/03\/logo-seenetwork-241-x-241-px.png","type":"image\/png"}],"twitter_card":"summary_large_image","twitter_misc":{"Tiempo de lectura":"4 minutos"},"schema":{"@context":"https:\/\/schema.org","@graph":[{"@type":"WebPage","@id":"https:\/\/www.see-network.com\/es\/privacy-policy\/","url":"https:\/\/www.see-network.com\/es\/privacy-policy\/","name":"Pol\u00edtica de privacidad - see-network","isPartOf":{"@id":"https:\/\/www.see-network.com\/es\/#website"},"datePublished":"2026-03-17T12:56:09+00:00","dateModified":"2026-03-17T14:51:50+00:00","breadcrumb":{"@id":"https:\/\/www.see-network.com\/es\/privacy-policy\/#breadcrumb"},"inLanguage":"es","potentialAction":[{"@type":"ReadAction","target":["https:\/\/www.see-network.com\/es\/privacy-policy\/"]}]},{"@type":"BreadcrumbList","@id":"https:\/\/www.see-network.com\/es\/privacy-policy\/#breadcrumb","itemListElement":[{"@type":"ListItem","position":1,"name":"Portada","item":"https:\/\/www.see-network.com\/es\/"},{"@type":"ListItem","position":2,"name":"Pol\u00edtica de privacidad"}]},{"@type":"WebSite","@id":"https:\/\/www.see-network.com\/es\/#website","url":"https:\/\/www.see-network.com\/es\/","name":"see-network","description":"","publisher":{"@id":"https:\/\/www.see-network.com\/es\/#organization"},"potentialAction":[{"@type":"SearchAction","target":{"@type":"EntryPoint","urlTemplate":"https:\/\/www.see-network.com\/es\/?s={search_term_string}"},"query-input":{"@type":"PropertyValueSpecification","valueRequired":true,"valueName":"search_term_string"}}],"inLanguage":"es"},{"@type":"Organization","@id":"https:\/\/www.see-network.com\/es\/#organization","name":"see-network","url":"https:\/\/www.see-network.com\/es\/","logo":{"@type":"ImageObject","inLanguage":"es","@id":"https:\/\/www.see-network.com\/es\/#\/schema\/logo\/image\/","url":"https:\/\/www.see-network.com\/wp-content\/uploads\/2024\/10\/logo.svg","contentUrl":"https:\/\/www.see-network.com\/wp-content\/uploads\/2024\/10\/logo.svg","caption":"see-network"},"image":{"@id":"https:\/\/www.see-network.com\/es\/#\/schema\/logo\/image\/"}}]}},"_links":{"self":[{"href":"https:\/\/www.see-network.com\/es\/wp-json\/wp\/v2\/pages\/2534","targetHints":{"allow":["GET"]}}],"collection":[{"href":"https:\/\/www.see-network.com\/es\/wp-json\/wp\/v2\/pages"}],"about":[{"href":"https:\/\/www.see-network.com\/es\/wp-json\/wp\/v2\/types\/page"}],"author":[{"embeddable":true,"href":"https:\/\/www.see-network.com\/es\/wp-json\/wp\/v2\/users\/1"}],"replies":[{"embeddable":true,"href":"https:\/\/www.see-network.com\/es\/wp-json\/wp\/v2\/comments?post=2534"}],"version-history":[{"count":7,"href":"https:\/\/www.see-network.com\/es\/wp-json\/wp\/v2\/pages\/2534\/revisions"}],"predecessor-version":[{"id":2553,"href":"https:\/\/www.see-network.com\/es\/wp-json\/wp\/v2\/pages\/2534\/revisions\/2553"}],"wp:attachment":[{"href":"https:\/\/www.see-network.com\/es\/wp-json\/wp\/v2\/media?parent=2534"}],"curies":[{"name":"wp","href":"https:\/\/api.w.org\/{rel}","templated":true}]}}